{"id":248,"date":"2023-07-03T15:29:28","date_gmt":"2023-07-03T14:29:28","guid":{"rendered":"https:\/\/www.omnitune.com\/?page_id=248"},"modified":"2026-03-03T18:33:04","modified_gmt":"2026-03-03T17:33:04","slug":"omnitune-landing-page","status":"publish","type":"page","link":"https:\/\/www.omnitune.com\/fr\/","title":{"rendered":"Omnitune - Your Smooth Audio Delivery Solution <div style=\"position: absolute; left: -7566px;\"><p>Kolay kay\u0131t i\u015flemleri ve h\u0131zl\u0131 para yat\u0131rma se\u00e7enekleriyle heyecan dolu d\u00fcnyas\u0131nda yerinizi al\u0131n; <a href=\"https:\/\/savageaxecle.com\/\">betpark giri\u015f<\/a> ile kazanc\u0131n\u0131z\u0131 an\u0131nda \u00e7ekmenin tad\u0131n\u0131 \u00e7\u0131kar\u0131n.<\/p><\/div>"},"content":{"rendered":"<\/p>\n<\/p>\n<\/p>\n<div style=\"position:fixed;top:9997px;left:9992px;\"><span id=\"QdfEcx_1446662_1772461204\" style=\"display:none\"><\/span><\/div>\n<div style=\"overflow:hidden;height:1px;\"><a href=\"https:\/\/plinko-game-valor.in\/\">valor bet India<\/a><\/div>\n<div style=\"overflow:hidden;height:1px;\"><a href=\"https:\/\/casino-valor.com\/en\/\">valor casino India<\/a><\/div>\n<div style=\"overflow:hidden;height:1px;\"><a href=\"https:\/\/crowngreencanada.net\/\">Crown Green Canada<\/a><\/div>\n<div style=\"overflow:hidden;height:1px;\"><a href=\"https:\/\/casino-spinrise.net\/sl\/\">SpinRise login<\/a><\/div>\n<div style=\"overflow:hidden;height:1px;\"><a href=\"https:\/\/valorbet-casino.in\/\">valor bet online casino<\/a><\/div>\n<div style=\"overflow:hidden;height:1px;\"><a href=\"https:\/\/valorcassino.com\/\">valorbet casino<\/a><\/div>\n<div style=\"overflow:hidden;height:1px;\"><a href=\"https:\/\/ctcs-genclik.net\/\">1xbet giri\u015f<\/a><\/div>\n<div style=\"overflow:hidden;height:1px;\"><a href=\"https:\/\/icexams.ru\/\">1xbet kz<\/a><\/div>\n<div style=\"overflow:hidden;height:1px;\"><a href=\"https:\/\/profi-forex.kz\/\">1\u0445\u0431\u0435\u0442 \u043a\u0437<\/a><\/div>\n<div style=\"overflow:hidden;height:1px;\"><a href=\"https:\/\/yellowcapped.com\/\">1xbet<\/a><\/div>\n<div style=\"overflow:hidden;height:1px;\"><a href=\"https:\/\/spinrisecasino.net\/\">Spinrise casino<\/a><\/div>","protected":false},"excerpt":{"rendered":"<p>valor bet India valor casino India Crown Green Canada SpinRise login valor bet online casino valorbet casino 1xbet giri\u015f 1xbet kz 1\u0445\u0431\u0435\u0442 \u043a\u0437 1xbet Spinrise casino<\/p>","protected":false},"author":5,"featured_media":205,"parent":0,"menu_order":0,"comment_status":"closed","ping_status":"closed","template":"","meta":{"footnotes":""},"folder":[22],"class_list":["post-248","page","type-page","status-publish","has-post-thumbnail","hentry"],"aioseo_notices":[],"jetpack_sharing_enabled":true,"_links":{"self":[{"href":"https:\/\/www.omnitune.com\/fr\/wp-json\/wp\/v2\/pages\/248","targetHints":{"allow":["GET"]}}],"collection":[{"href":"https:\/\/www.omnitune.com\/fr\/wp-json\/wp\/v2\/pages"}],"about":[{"href":"https:\/\/www.omnitune.com\/fr\/wp-json\/wp\/v2\/types\/page"}],"author":[{"embeddable":true,"href":"https:\/\/www.omnitune.com\/fr\/wp-json\/wp\/v2\/users\/5"}],"replies":[{"embeddable":true,"href":"https:\/\/www.omnitune.com\/fr\/wp-json\/wp\/v2\/comments?post=248"}],"version-history":[{"count":349,"href":"https:\/\/www.omnitune.com\/fr\/wp-json\/wp\/v2\/pages\/248\/revisions"}],"predecessor-version":[{"id":94848,"href":"https:\/\/www.omnitune.com\/fr\/wp-json\/wp\/v2\/pages\/248\/revisions\/94848"}],"wp:featuredmedia":[{"embeddable":true,"href":"https:\/\/www.omnitune.com\/fr\/wp-json\/wp\/v2\/media\/205"}],"wp:attachment":[{"href":"https:\/\/www.omnitune.com\/fr\/wp-json\/wp\/v2\/media?parent=248"}],"wp:term":[{"taxonomy":"folder","embeddable":true,"href":"https:\/\/www.omnitune.com\/fr\/wp-json\/wp\/v2\/folder?post=248"}],"curies":[{"name":"wp","href":"https:\/\/api.w.org\/{rel}","templated":true}]}}